{"id":27,"date":"2018-10-30T16:36:42","date_gmt":"2018-10-30T15:36:42","guid":{"rendered":"https:\/\/wienerwaldfee.wordpress.com\/wer-bin-ich\/"},"modified":"2021-06-16T16:02:38","modified_gmt":"2021-06-16T16:02:38","slug":"wer-bin-ich","status":"publish","type":"page","link":"https:\/\/wienerwaldfee.at\/index.php\/wer-bin-ich\/","title":{"rendered":"Wer bin ich?"},"content":{"rendered":"\n<div class=\"wp-block-image is-style-rounded\"><figure class=\"aligncenter size-large\"><img loading=\"lazy\" width=\"336\" height=\"361\" src=\"https:\/\/wienerwaldfee.at\/wp-content\/uploads\/2021\/06\/ich_01_klein.jpg\" alt=\"ein Foto von mir\" class=\"wp-image-308\" srcset=\"https:\/\/wienerwaldfee.at\/wp-content\/uploads\/2021\/06\/ich_01_klein.jpg 336w, https:\/\/wienerwaldfee.at\/wp-content\/uploads\/2021\/06\/ich_01_klein-279x300.jpg 279w\" sizes=\"(max-width: 336px) 100vw, 336px\" \/><\/figure><\/div>\n\n\n\n<p><\/p>\n\n\n\n<p>Huhu, ich sollte mich vielleicht doch kurz vorstellen, oder?<br>Wobei ich jetzt nicht wei\u00df, was ich \u00fcber mich erz\u00e4hlen k\u00f6nnte.<\/p>\n\n\n\n<p>Oft liest sich jetzt an dieser Stelle da was von, wie fr\u00fch es sich nicht f\u00fcr Kr\u00e4uter interessiert h\u00e4tte und was es nicht an Wissen schon von seiner Oma und seiner Mama gelernt h\u00e4tte..<\/p>\n\n\n\n<p>Nun, dem ist nicht so! Meine Oma hatte da zwar enorm viel Wissen, aber ich kein Interesse und so fallen mir heute zwar ab und zu Dinge ein, die sie mir erz\u00e4hlt hat, aber f\u00fcr eine Weitergabe von Wissen hat es leider nicht gereicht.<br>Mit Wildkr\u00e4utern hatte ich lange nichts am Hut, bis ich \u00fcber DIY Kosmetik und \u00e4therische \u00d6le dazu gekommen bin. Das war 2016. Und lange Zeit war mein Weg <strong>haupts\u00e4chlich autodidaktisch<\/strong>, mal abgesehen von vereinzelter Teilnahme an Kr\u00e4uterwanderungen.<\/p>\n\n\n\n<p>Dann habe ich 2020 beschlossen, den gro\u00dfen Schritt zu wagen und eine Ausbildung zur Kr\u00e4uter- und Wildnisp\u00e4dagogin zu machen, doch nichts da! Corona, eh schon wissen!<br>Nun denn, gl\u00fccklicherweise leitete meine Ausbildnerin auch eine Onlineakademie, auf die ich umsteigen konnte und habe dann doch im Herbst 2020 meine <strong>Zertifizierung zu Wildkr\u00e4uterp\u00e4dagogin <\/strong>gemacht.<\/p>\n\n\n\n<p>Zur Zeit nehme ich au\u00dferdem an einem Naturkosmetik-Grundkurs teil und demn\u00e4chst zu Aromatherapie-Grundlagen.<br>Seit 2021 darf ich zudem f\u00fcr die <a href=\"https:\/\/heilpflanzen-akademie.com\/\" target=\"_blank\" rel=\"noreferrer noopener\">Heilpflanzen Onlineakademie Villa Natura<\/a> Beitr\u00e4ge schreiben.<\/p>\n\n\n\n<p>F\u00fcr meinen Brotjob habe ich eine nicht-universit\u00e4re, wissenschaftliche Ausbildung gemacht und bin derzeit im Umweltkontrollbereich t\u00e4tig.<\/p>\n\n\n\n<p><strong>Meine K\u00fcche ist mein Home-Lab<\/strong>, in dem st\u00e4ndig etwas anger\u00fchrt, extrahiert, gebacken, verkocht oder fermentiert wird. Die meisten Experimente laufen schief, die erfolgreichen werden es hier in diesen Blog schaffen.<\/p>\n\n\n\n<h2>Workshops<\/h2>\n\n\n\n<p>Corona hat mir einen Strich durch die Rechnung gemacht, aber sobald Veranstaltungen wieder uneingeschr\u00e4nkt m\u00f6glich sind, m\u00f6chte ich Miniworkshops zum Selbstkostenpreis anbieten, denn ich bin der Meinung, Heilkr\u00e4uterwissen sollte jedem Menschen zug\u00e4nglich sein, nicht nur denen, die es sich leisten k\u00f6nnen.<br>Sobald ich n\u00e4heres wei\u00df, gibt es die Infos nat\u00fcrlich online.<\/p>\n","protected":false},"excerpt":{"rendered":"<p>Huhu, ich sollte mich vielleicht doch kurz vorstellen, oder?Wobei ich jetzt nicht wei\u00df, was ich \u00fcber mich erz\u00e4hlen k\u00f6nnte. Oft liest sich jetzt an dieser Stelle da was von, wie fr\u00fch es sich nicht f\u00fcr Kr\u00e4uter interessiert h\u00e4tte und was es nicht an Wissen schon von seiner Oma und seiner Mama gelernt h\u00e4tte.. Nun, dem&hellip; <a class=\"more-link\" href=\"https:\/\/wienerwaldfee.at\/index.php\/wer-bin-ich\/\">Weiterlesen <span class=\"screen-reader-text\">Wer bin ich?<\/span> <span class=\"meta-nav\" aria-hidden=\"true\">&rarr;<\/span><\/a><\/p>\n","protected":false},"author":2,"featured_media":0,"parent":0,"menu_order":0,"comment_status":"closed","ping_status":"closed","template":"","meta":{"wprm-recipe-roundup-name":"","wprm-recipe-roundup-description":""},"yoast_head":"<!-- This site is optimized with the Yoast SEO plugin v19.4 - https:\/\/yoast.com\/wordpress\/plugins\/seo\/ -->\r\n<title>Wer bin ich? &#8902; Wienerwaldfee<\/title>\r\n<meta name=\"robots\" content=\"index, follow, max-snippet:-1, max-image-preview:large, max-video-preview:-1\" \/>\r\n<link rel=\"canonical\" href=\"https:\/\/wienerwaldfee.at\/index.php\/wer-bin-ich\/\" \/>\r\n<meta property=\"og:locale\" content=\"de_DE\" \/>\r\n<meta property=\"og:type\" content=\"article\" \/>\r\n<meta property=\"og:title\" content=\"Wer bin ich? &#8902; Wienerwaldfee\" \/>\r\n<meta property=\"og:description\" content=\"Huhu, ich sollte mich vielleicht doch kurz vorstellen, oder?Wobei ich jetzt nicht wei\u00df, was ich \u00fcber mich erz\u00e4hlen k\u00f6nnte. Oft liest sich jetzt an dieser Stelle da was von, wie fr\u00fch es sich nicht f\u00fcr Kr\u00e4uter interessiert h\u00e4tte und was es nicht an Wissen schon von seiner Oma und seiner Mama gelernt h\u00e4tte.. Nun, dem&hellip; Weiterlesen Wer bin ich? &rarr;\" \/>\r\n<meta property=\"og:url\" content=\"https:\/\/wienerwaldfee.at\/index.php\/wer-bin-ich\/\" \/>\r\n<meta property=\"og:site_name\" content=\"Wienerwaldfee\" \/>\r\n<meta property=\"article:modified_time\" content=\"2021-06-16T16:02:38+00:00\" \/>\r\n<meta property=\"og:image\" content=\"https:\/\/wienerwaldfee.at\/wp-content\/uploads\/2021\/06\/ich_01_klein.jpg\" \/>\r\n<meta name=\"twitter:card\" content=\"summary_large_image\" \/>\r\n<meta name=\"twitter:label1\" content=\"Gesch\u00e4tzte Lesezeit\" \/>\n\t<meta name=\"twitter:data1\" content=\"2\u00a0Minuten\" \/>\r\n<script type=\"application\/ld+json\" class=\"yoast-schema-graph\">{\"@context\":\"https:\/\/schema.org\",\"@graph\":[{\"@type\":[\"Person\",\"Organization\"],\"@id\":\"https:\/\/wienerwaldfee.at\/#\/schema\/person\/5c36cafcec9cf08c404b8b070feb4e67\",\"name\":\"Wienerwaldfee\",\"image\":{\"@type\":\"ImageObject\",\"inLanguage\":\"de\",\"@id\":\"https:\/\/wienerwaldfee.at\/#\/schema\/person\/image\/\",\"url\":\"https:\/\/wienerwaldfee.at\/wp-content\/uploads\/2022\/01\/cropped-Logo_02.jpg\",\"contentUrl\":\"https:\/\/wienerwaldfee.at\/wp-content\/uploads\/2022\/01\/cropped-Logo_02.jpg\",\"width\":931,\"height\":300,\"caption\":\"Wienerwaldfee\"},\"logo\":{\"@id\":\"https:\/\/wienerwaldfee.at\/#\/schema\/person\/image\/\"},\"sameAs\":[\"https:\/\/wienerwaldfee.at\"]},{\"@type\":\"WebSite\",\"@id\":\"https:\/\/wienerwaldfee.at\/#website\",\"url\":\"https:\/\/wienerwaldfee.at\/\",\"name\":\"Wienerwaldfee\",\"description\":\"\",\"publisher\":{\"@id\":\"https:\/\/wienerwaldfee.at\/#\/schema\/person\/5c36cafcec9cf08c404b8b070feb4e67\"},\"potentialAction\":[{\"@type\":\"SearchAction\",\"target\":{\"@type\":\"EntryPoint\",\"urlTemplate\":\"https:\/\/wienerwaldfee.at\/?s={search_term_string}\"},\"query-input\":\"required name=search_term_string\"}],\"inLanguage\":\"de\"},{\"@type\":\"WebPage\",\"@id\":\"https:\/\/wienerwaldfee.at\/index.php\/wer-bin-ich\/\",\"url\":\"https:\/\/wienerwaldfee.at\/index.php\/wer-bin-ich\/\",\"name\":\"Wer bin ich? &#8902; Wienerwaldfee\",\"isPartOf\":{\"@id\":\"https:\/\/wienerwaldfee.at\/#website\"},\"datePublished\":\"2018-10-30T15:36:42+00:00\",\"dateModified\":\"2021-06-16T16:02:38+00:00\",\"breadcrumb\":{\"@id\":\"https:\/\/wienerwaldfee.at\/index.php\/wer-bin-ich\/#breadcrumb\"},\"inLanguage\":\"de\",\"potentialAction\":[{\"@type\":\"ReadAction\",\"target\":[\"https:\/\/wienerwaldfee.at\/index.php\/wer-bin-ich\/\"]}]},{\"@type\":\"BreadcrumbList\",\"@id\":\"https:\/\/wienerwaldfee.at\/index.php\/wer-bin-ich\/#breadcrumb\",\"itemListElement\":[{\"@type\":\"ListItem\",\"position\":1,\"name\":\"Home\",\"item\":\"https:\/\/wienerwaldfee.at\/\"},{\"@type\":\"ListItem\",\"position\":2,\"name\":\"Wer bin ich?\"}]}]}<\/script>\r\n<!-- \/ Yoast SEO plugin. -->","yoast_head_json":{"title":"Wer bin ich? &#8902; Wienerwaldfee","robots":{"index":"index","follow":"follow","max-snippet":"max-snippet:-1","max-image-preview":"max-image-preview:large","max-video-preview":"max-video-preview:-1"},"canonical":"https:\/\/wienerwaldfee.at\/index.php\/wer-bin-ich\/","og_locale":"de_DE","og_type":"article","og_title":"Wer bin ich? &#8902; Wienerwaldfee","og_description":"Huhu, ich sollte mich vielleicht doch kurz vorstellen, oder?Wobei ich jetzt nicht wei\u00df, was ich \u00fcber mich erz\u00e4hlen k\u00f6nnte. Oft liest sich jetzt an dieser Stelle da was von, wie fr\u00fch es sich nicht f\u00fcr Kr\u00e4uter interessiert h\u00e4tte und was es nicht an Wissen schon von seiner Oma und seiner Mama gelernt h\u00e4tte.. Nun, dem&hellip; Weiterlesen Wer bin ich? &rarr;","og_url":"https:\/\/wienerwaldfee.at\/index.php\/wer-bin-ich\/","og_site_name":"Wienerwaldfee","article_modified_time":"2021-06-16T16:02:38+00:00","og_image":[{"url":"https:\/\/wienerwaldfee.at\/wp-content\/uploads\/2021\/06\/ich_01_klein.jpg"}],"twitter_card":"summary_large_image","twitter_misc":{"Gesch\u00e4tzte Lesezeit":"2\u00a0Minuten"},"schema":{"@context":"https:\/\/schema.org","@graph":[{"@type":["Person","Organization"],"@id":"https:\/\/wienerwaldfee.at\/#\/schema\/person\/5c36cafcec9cf08c404b8b070feb4e67","name":"Wienerwaldfee","image":{"@type":"ImageObject","inLanguage":"de","@id":"https:\/\/wienerwaldfee.at\/#\/schema\/person\/image\/","url":"https:\/\/wienerwaldfee.at\/wp-content\/uploads\/2022\/01\/cropped-Logo_02.jpg","contentUrl":"https:\/\/wienerwaldfee.at\/wp-content\/uploads\/2022\/01\/cropped-Logo_02.jpg","width":931,"height":300,"caption":"Wienerwaldfee"},"logo":{"@id":"https:\/\/wienerwaldfee.at\/#\/schema\/person\/image\/"},"sameAs":["https:\/\/wienerwaldfee.at"]},{"@type":"WebSite","@id":"https:\/\/wienerwaldfee.at\/#website","url":"https:\/\/wienerwaldfee.at\/","name":"Wienerwaldfee","description":"","publisher":{"@id":"https:\/\/wienerwaldfee.at\/#\/schema\/person\/5c36cafcec9cf08c404b8b070feb4e67"},"potentialAction":[{"@type":"SearchAction","target":{"@type":"EntryPoint","urlTemplate":"https:\/\/wienerwaldfee.at\/?s={search_term_string}"},"query-input":"required name=search_term_string"}],"inLanguage":"de"},{"@type":"WebPage","@id":"https:\/\/wienerwaldfee.at\/index.php\/wer-bin-ich\/","url":"https:\/\/wienerwaldfee.at\/index.php\/wer-bin-ich\/","name":"Wer bin ich? &#8902; Wienerwaldfee","isPartOf":{"@id":"https:\/\/wienerwaldfee.at\/#website"},"datePublished":"2018-10-30T15:36:42+00:00","dateModified":"2021-06-16T16:02:38+00:00","breadcrumb":{"@id":"https:\/\/wienerwaldfee.at\/index.php\/wer-bin-ich\/#breadcrumb"},"inLanguage":"de","potentialAction":[{"@type":"ReadAction","target":["https:\/\/wienerwaldfee.at\/index.php\/wer-bin-ich\/"]}]},{"@type":"BreadcrumbList","@id":"https:\/\/wienerwaldfee.at\/index.php\/wer-bin-ich\/#breadcrumb","itemListElement":[{"@type":"ListItem","position":1,"name":"Home","item":"https:\/\/wienerwaldfee.at\/"},{"@type":"ListItem","position":2,"name":"Wer bin ich?"}]}]}},"_links":{"self":[{"href":"https:\/\/wienerwaldfee.at\/index.php\/wp-json\/wp\/v2\/pages\/27"}],"collection":[{"href":"https:\/\/wienerwaldfee.at\/index.php\/wp-json\/wp\/v2\/pages"}],"about":[{"href":"https:\/\/wienerwaldfee.at\/index.php\/wp-json\/wp\/v2\/types\/page"}],"author":[{"embeddable":true,"href":"https:\/\/wienerwaldfee.at\/index.php\/wp-json\/wp\/v2\/users\/2"}],"replies":[{"embeddable":true,"href":"https:\/\/wienerwaldfee.at\/index.php\/wp-json\/wp\/v2\/comments?post=27"}],"version-history":[{"count":4,"href":"https:\/\/wienerwaldfee.at\/index.php\/wp-json\/wp\/v2\/pages\/27\/revisions"}],"predecessor-version":[{"id":309,"href":"https:\/\/wienerwaldfee.at\/index.php\/wp-json\/wp\/v2\/pages\/27\/revisions\/309"}],"wp:attachment":[{"href":"https:\/\/wienerwaldfee.at\/index.php\/wp-json\/wp\/v2\/media?parent=27"}],"curies":[{"name":"wp","href":"https:\/\/api.w.org\/{rel}","templated":true}]}}